{"id":311,"date":"2020-04-30T14:42:07","date_gmt":"2020-04-30T14:42:07","guid":{"rendered":"https:\/\/next.brenger.nl\/de-de\/uber-brenger\/"},"modified":"2024-01-17T15:25:55","modified_gmt":"2024-01-17T14:25:55","slug":"uber-brenger","status":"publish","type":"page","link":"https:\/\/www.brengertransport.de\/de-de\/uber-brenger\/","title":{"rendered":"\u00dcber Brenger"},"content":{"rendered":"\n<section class=\"theme--white section-space--y--none\"><div class=\"container markdown\">\n<div class=\"w-full section-space--t\"><\/div>\n\n\n<h1 class=\"wp-block-post-title\">\u00dcber Brenger<\/h1><\/div><\/section>\n\n\n\n<section class=\"theme--white section-space--y--50\"><div class=\"container markdown\">\n<p>Seit 2016 ist die Mission von Brenger klar: Alle Transporter auf der Stra\u00dfe so effizient wie m\u00f6glich zu bef\u00fcllen. Unsere Transportplattform konzentriert sich auf einzelne Verbraucher, hilft aber auch Gesch\u00e4ftskunden wie kleinen M\u00f6belgesch\u00e4ften und gro\u00dfen Einzelh\u00e4ndlern. Beispiele hierf\u00fcr sind Kunden, die ein Sofa, Fahrrad oder einen Schrank von A nach B transportieren wollen; oder Unternehmen, die keinen eigenen Lieferservice haben und denen Nachhaltigkeit ein wichtiges Anliegen ist. Bei Brenger wird jeder Transport mit einem Kurier vereinbart, der bereits in diese Richtung f\u00e4hrt. Dies macht den Verkauf und Kauf von Second-Hand-Produkten zug\u00e4nglicher und nachhaltiger. Dank unserer Technologie wird f\u00fcr jede Fahrt die effizienteste Route berechnet und der Kunde zahlt einen besseren Preis.<\/p>\n\n\n\n<p>So erleichtert Brenger mit unseren Kurieren und Kunden den Transport von gebrauchten M\u00f6beln, reduzieren wir auch die CO2-Emissionen insgesamt und helfen den Kurieren, ihre Einnahmen auf Strecken zu steigern, die sie sowieso gefahren w\u00e4ren. Seit der Gr\u00fcndung von Brenger haben wir es geschafft, <strong>3.187 Tonnen CO2 einzusparen<\/strong>, indem wir <strong>14.885.871 unn\u00f6tige Kilometer<\/strong> vermieden haben.<\/p>\n\n\n\n<h3 class=\"wp-block-heading\"><strong>Unsere Ziele<\/strong><\/h3>\n\n\n\n<p>Unsere Mission ist es, <strong>jeden Lieferwagen auf der Stra\u00dfe so gut wie m\u00f6glich zu f\u00fcllen<\/strong>. So machen wir alle gl\u00fccklich: den Kurier, die Umwelt und deinen Geldbeutel. Es ist eine Win-Win-Win-Situation!<\/p>\n\n\n\n<h3 class=\"wp-block-heading\">Unser Team<\/h3>\n\n\n\n<p>Unser Ziel ist es, Brenger zu der L\u00f6sung f\u00fcr den Versand gro\u00dfer Sendungen in Deutschland und im restlichen Europa zu machen. Von unserem B\u00fcro in Amsterdam aus arbeiten wir daran, unsere Website zu verbessern und sicherzustellen, dass die Plattform die Bed\u00fcrfnisse unserer Kunden so gut wie m\u00f6glich erf\u00fcllt.<\/p>\n\n\n\n<p>Bist du inspiriert und m\u00f6chtest bei Brenger arbeiten? Gehe auf die Seite &#8220;<a href=\"https:\/\/brenger.recruitee.com\/l\/en\">Arbeiten bei Brenger<\/a>&#8221; und sieh dir die freien Stellen an. Hast du Fragen oder Anregungen? Sende eine E-Mail an info@brengertransport.de.<\/p>\n\n\n\n<figure class=\"wp-block-image size-large\"><img loading=\"lazy\" decoding=\"async\" width=\"2560\" height=\"1707\" src=\"https:\/\/next.brenger.nl\/de-de\/wp-content\/uploads\/sites\/4\/2023\/12\/teambrenger_q4_brenger_2022_9845-1--scaled.jpg\" alt=\"\" class=\"wp-image-310\" srcset=\"https:\/\/www.brengertransport.de\/de-de\/wp-content\/uploads\/sites\/4\/2023\/12\/teambrenger_q4_brenger_2022_9845-1--scaled.jpg 2560w, https:\/\/www.brengertransport.de\/de-de\/wp-content\/uploads\/sites\/4\/2023\/12\/teambrenger_q4_brenger_2022_9845-1--300x200.jpg 300w, https:\/\/www.brengertransport.de\/de-de\/wp-content\/uploads\/sites\/4\/2023\/12\/teambrenger_q4_brenger_2022_9845-1--1024x683.jpg 1024w, https:\/\/www.brengertransport.de\/de-de\/wp-content\/uploads\/sites\/4\/2023\/12\/teambrenger_q4_brenger_2022_9845-1--768x512.jpg 768w, https:\/\/www.brengertransport.de\/de-de\/wp-content\/uploads\/sites\/4\/2023\/12\/teambrenger_q4_brenger_2022_9845-1--1536x1024.jpg 1536w, https:\/\/www.brengertransport.de\/de-de\/wp-content\/uploads\/sites\/4\/2023\/12\/teambrenger_q4_brenger_2022_9845-1--2048x1365.jpg 2048w\" sizes=\"auto, (max-width: 2560px) 100vw, 2560px\" \/><\/figure>\n<\/div><\/section>\n","protected":false},"excerpt":{"rendered":"","protected":false},"author":2,"featured_media":0,"parent":0,"menu_order":0,"comment_status":"closed","ping_status":"closed","template":"","meta":{"_improvement_type_select":"improve_an_existing","_thumb_yes_seoaic":false,"_frame_yes_seoaic":false,"seoaic_generate_description":"","seoaic_improve_instructions_prompt":"","seoaic_rollback_content_improvement":"","seoaic_idea_thumbnail_generator":"","thumbnail_generated":false,"thumbnail_generate_prompt":"","seoaic_article_description":"","inline_featured_image":false,"footnotes":""},"class_list":["post-311","page","type-page","status-publish","hentry"],"yoast_head":"<!-- This site is optimized with the Yoast SEO Premium plugin v27.3 (Yoast SEO v27.3) - https:\/\/yoast.com\/product\/yoast-seo-premium-wordpress\/ -->\n<title>\u00dcber Brenger - Brenger<\/title>\n<meta name=\"description\" content=\"Ihr Transport, sofort erledigt. Der preiswerteste Transport f\u00fcr M\u00f6bel und anderen gro\u00dfen Gegenst\u00e4nden.\" \/>\n<meta name=\"robots\" content=\"index, follow, max-snippet:-1, max-image-preview:large, max-video-preview:-1\" \/>\n<link rel=\"canonical\" href=\"https:\/\/www.brengertransport.de\/de-de\/uber-brenger\/\" \/>\n<meta property=\"og:locale\" content=\"de_DE\" \/>\n<meta property=\"og:type\" content=\"article\" \/>\n<meta property=\"og:title\" content=\"\u00dcber Brenger\" \/>\n<meta property=\"og:description\" content=\"Ihr Transport, sofort erledigt. Der preiswerteste Transport f\u00fcr M\u00f6bel und anderen gro\u00dfen Gegenst\u00e4nden.\" \/>\n<meta property=\"og:url\" content=\"https:\/\/www.brengertransport.de\/de-de\/uber-brenger\/\" \/>\n<meta property=\"og:site_name\" content=\"Brenger\" \/>\n<meta property=\"article:publisher\" content=\"https:\/\/www.facebook.com\/brenger.nl\" \/>\n<meta property=\"article:modified_time\" content=\"2024-01-17T14:25:55+00:00\" \/>\n<meta property=\"og:image\" content=\"https:\/\/next.brenger.nl\/de-de\/wp-content\/uploads\/sites\/4\/2023\/12\/teambrenger_q4_brenger_2022_9845-1--scaled.jpg\" \/>\n<meta name=\"twitter:card\" content=\"summary_large_image\" \/>\n<meta name=\"twitter:label1\" content=\"Est. reading time\" \/>\n\t<meta name=\"twitter:data1\" content=\"2 minutes\" \/>\n<script type=\"application\/ld+json\" class=\"yoast-schema-graph\">{\"@context\":\"https:\\\/\\\/schema.org\",\"@graph\":[{\"@type\":\"WebPage\",\"@id\":\"https:\\\/\\\/www.brengertransport.de\\\/de-de\\\/uber-brenger\\\/\",\"url\":\"https:\\\/\\\/www.brengertransport.de\\\/de-de\\\/uber-brenger\\\/\",\"name\":\"\u00dcber Brenger - Brenger\",\"isPartOf\":{\"@id\":\"https:\\\/\\\/www.brengertransport.de\\\/de-de\\\/#website\"},\"primaryImageOfPage\":{\"@id\":\"https:\\\/\\\/www.brengertransport.de\\\/de-de\\\/uber-brenger\\\/#primaryimage\"},\"image\":{\"@id\":\"https:\\\/\\\/www.brengertransport.de\\\/de-de\\\/uber-brenger\\\/#primaryimage\"},\"thumbnailUrl\":\"https:\\\/\\\/next.brenger.nl\\\/de-de\\\/wp-content\\\/uploads\\\/sites\\\/4\\\/2023\\\/12\\\/teambrenger_q4_brenger_2022_9845-1--scaled.jpg\",\"datePublished\":\"2020-04-30T14:42:07+00:00\",\"dateModified\":\"2024-01-17T14:25:55+00:00\",\"description\":\"Ihr Transport, sofort erledigt. Der preiswerteste Transport f\u00fcr M\u00f6bel und anderen gro\u00dfen Gegenst\u00e4nden.\",\"breadcrumb\":{\"@id\":\"https:\\\/\\\/www.brengertransport.de\\\/de-de\\\/uber-brenger\\\/#breadcrumb\"},\"inLanguage\":\"de-DE\",\"potentialAction\":[{\"@type\":\"ReadAction\",\"target\":[\"https:\\\/\\\/www.brengertransport.de\\\/de-de\\\/uber-brenger\\\/\"]}]},{\"@type\":\"ImageObject\",\"inLanguage\":\"de-DE\",\"@id\":\"https:\\\/\\\/www.brengertransport.de\\\/de-de\\\/uber-brenger\\\/#primaryimage\",\"url\":\"https:\\\/\\\/next.brenger.nl\\\/de-de\\\/wp-content\\\/uploads\\\/sites\\\/4\\\/2023\\\/12\\\/teambrenger_q4_brenger_2022_9845-1--scaled.jpg\",\"contentUrl\":\"https:\\\/\\\/next.brenger.nl\\\/de-de\\\/wp-content\\\/uploads\\\/sites\\\/4\\\/2023\\\/12\\\/teambrenger_q4_brenger_2022_9845-1--scaled.jpg\"},{\"@type\":\"BreadcrumbList\",\"@id\":\"https:\\\/\\\/www.brengertransport.de\\\/de-de\\\/uber-brenger\\\/#breadcrumb\",\"itemListElement\":[{\"@type\":\"ListItem\",\"position\":1,\"name\":\"Home\",\"item\":\"https:\\\/\\\/www.brengertransport.de\\\/de-de\\\/\"},{\"@type\":\"ListItem\",\"position\":2,\"name\":\"\u00dcber Brenger\"}]},{\"@type\":\"WebSite\",\"@id\":\"https:\\\/\\\/www.brengertransport.de\\\/de-de\\\/#website\",\"url\":\"https:\\\/\\\/www.brengertransport.de\\\/de-de\\\/\",\"name\":\"Brenger\",\"description\":\"Immer gut geliefert\",\"potentialAction\":[{\"@type\":\"SearchAction\",\"target\":{\"@type\":\"EntryPoint\",\"urlTemplate\":\"https:\\\/\\\/www.brengertransport.de\\\/de-de\\\/?s={search_term_string}\"},\"query-input\":{\"@type\":\"PropertyValueSpecification\",\"valueRequired\":true,\"valueName\":\"search_term_string\"}}],\"inLanguage\":\"de-DE\"}]}<\/script>\n<!-- \/ Yoast SEO Premium plugin. -->","yoast_head_json":{"title":"\u00dcber Brenger - Brenger","description":"Ihr Transport, sofort erledigt. Der preiswerteste Transport f\u00fcr M\u00f6bel und anderen gro\u00dfen Gegenst\u00e4nden.","robots":{"index":"index","follow":"follow","max-snippet":"max-snippet:-1","max-image-preview":"max-image-preview:large","max-video-preview":"max-video-preview:-1"},"canonical":"https:\/\/www.brengertransport.de\/de-de\/uber-brenger\/","og_locale":"de_DE","og_type":"article","og_title":"\u00dcber Brenger","og_description":"Ihr Transport, sofort erledigt. Der preiswerteste Transport f\u00fcr M\u00f6bel und anderen gro\u00dfen Gegenst\u00e4nden.","og_url":"https:\/\/www.brengertransport.de\/de-de\/uber-brenger\/","og_site_name":"Brenger","article_publisher":"https:\/\/www.facebook.com\/brenger.nl","article_modified_time":"2024-01-17T14:25:55+00:00","og_image":[{"url":"https:\/\/next.brenger.nl\/de-de\/wp-content\/uploads\/sites\/4\/2023\/12\/teambrenger_q4_brenger_2022_9845-1--scaled.jpg","type":"","width":"","height":""}],"twitter_card":"summary_large_image","twitter_misc":{"Est. reading time":"2 minutes"},"schema":{"@context":"https:\/\/schema.org","@graph":[{"@type":"WebPage","@id":"https:\/\/www.brengertransport.de\/de-de\/uber-brenger\/","url":"https:\/\/www.brengertransport.de\/de-de\/uber-brenger\/","name":"\u00dcber Brenger - Brenger","isPartOf":{"@id":"https:\/\/www.brengertransport.de\/de-de\/#website"},"primaryImageOfPage":{"@id":"https:\/\/www.brengertransport.de\/de-de\/uber-brenger\/#primaryimage"},"image":{"@id":"https:\/\/www.brengertransport.de\/de-de\/uber-brenger\/#primaryimage"},"thumbnailUrl":"https:\/\/next.brenger.nl\/de-de\/wp-content\/uploads\/sites\/4\/2023\/12\/teambrenger_q4_brenger_2022_9845-1--scaled.jpg","datePublished":"2020-04-30T14:42:07+00:00","dateModified":"2024-01-17T14:25:55+00:00","description":"Ihr Transport, sofort erledigt. Der preiswerteste Transport f\u00fcr M\u00f6bel und anderen gro\u00dfen Gegenst\u00e4nden.","breadcrumb":{"@id":"https:\/\/www.brengertransport.de\/de-de\/uber-brenger\/#breadcrumb"},"inLanguage":"de-DE","potentialAction":[{"@type":"ReadAction","target":["https:\/\/www.brengertransport.de\/de-de\/uber-brenger\/"]}]},{"@type":"ImageObject","inLanguage":"de-DE","@id":"https:\/\/www.brengertransport.de\/de-de\/uber-brenger\/#primaryimage","url":"https:\/\/next.brenger.nl\/de-de\/wp-content\/uploads\/sites\/4\/2023\/12\/teambrenger_q4_brenger_2022_9845-1--scaled.jpg","contentUrl":"https:\/\/next.brenger.nl\/de-de\/wp-content\/uploads\/sites\/4\/2023\/12\/teambrenger_q4_brenger_2022_9845-1--scaled.jpg"},{"@type":"BreadcrumbList","@id":"https:\/\/www.brengertransport.de\/de-de\/uber-brenger\/#breadcrumb","itemListElement":[{"@type":"ListItem","position":1,"name":"Home","item":"https:\/\/www.brengertransport.de\/de-de\/"},{"@type":"ListItem","position":2,"name":"\u00dcber Brenger"}]},{"@type":"WebSite","@id":"https:\/\/www.brengertransport.de\/de-de\/#website","url":"https:\/\/www.brengertransport.de\/de-de\/","name":"Brenger","description":"Immer gut geliefert","potentialAction":[{"@type":"SearchAction","target":{"@type":"EntryPoint","urlTemplate":"https:\/\/www.brengertransport.de\/de-de\/?s={search_term_string}"},"query-input":{"@type":"PropertyValueSpecification","valueRequired":true,"valueName":"search_term_string"}}],"inLanguage":"de-DE"}]}},"_links":{"self":[{"href":"https:\/\/www.brengertransport.de\/de-de\/wp-json\/wp\/v2\/pages\/311","targetHints":{"allow":["GET"]}}],"collection":[{"href":"https:\/\/www.brengertransport.de\/de-de\/wp-json\/wp\/v2\/pages"}],"about":[{"href":"https:\/\/www.brengertransport.de\/de-de\/wp-json\/wp\/v2\/types\/page"}],"author":[{"embeddable":true,"href":"https:\/\/www.brengertransport.de\/de-de\/wp-json\/wp\/v2\/users\/2"}],"replies":[{"embeddable":true,"href":"https:\/\/www.brengertransport.de\/de-de\/wp-json\/wp\/v2\/comments?post=311"}],"version-history":[{"count":0,"href":"https:\/\/www.brengertransport.de\/de-de\/wp-json\/wp\/v2\/pages\/311\/revisions"}],"wp:attachment":[{"href":"https:\/\/www.brengertransport.de\/de-de\/wp-json\/wp\/v2\/media?parent=311"}],"curies":[{"name":"wp","href":"https:\/\/api.w.org\/{rel}","templated":true}]}}