{"id":364,"date":"2021-08-16T09:23:28","date_gmt":"2021-08-16T09:23:28","guid":{"rendered":"https:\/\/next.brenger.nl\/de-de\/partner\/"},"modified":"2024-01-17T16:37:11","modified_gmt":"2024-01-17T15:37:11","slug":"partner","status":"publish","type":"page","link":"https:\/\/www.brengertransport.de\/de-de\/partner\/","title":{"rendered":"Partner"},"content":{"rendered":"\n        <section class=\"split-content split-content--left theme--primary split-content--picture-contain split-content--center-text\">\n                            <span class=\"land-here\" id=\"zusammenarbeit-mit-brenger\"><\/span>\n                        <div class=\"container-fluid\">\n                <div class=\"row\">\n                    <div class=\"col col-image col-12 col-md-6 section-space--y order-2 md:order-none\">\n                                            <\/div>\n                    <div class=\"col-text col col-12 col-md-6 section-space--y order-1 md:order-none\">\n                        <div class=\"split-content--text markdown\">\n                            \n\n<h2 class=\"wp-block-heading\">Zusammenarbeit mit Brenger<\/h2>\n\n\n\n<h4 class=\"wp-block-heading\">Ben\u00f6tigst du einen zuverl\u00e4ssigen Partner f\u00fcr deine Verkaufsplattform, deinen E-Commerce Shop oder eine Auktion? Der Transport gro\u00dfer Gegenst\u00e4nde ist bei Brenger in den richtigen H\u00e4nden.<\/h4>\n\n                        <\/div>\n                    <\/div>\n                <\/div>\n            <\/div>\n        <\/section>\n\n\n\n        <section class=\"split-content split-content--left theme--primary--light split-content--picture-contain split-content--center-text\">\n                            <span class=\"land-here\" id=\"kleinanzeigen-und-marktplaetze\"><\/span>\n                        <div class=\"container-fluid\">\n                <div class=\"row\">\n                    <div class=\"col col-image col-12 col-md-6 section-space--y order-2 md:order-none\">\n                                                    <div class=\"split-content--image\">\n                                <picture>\n                                    <source media=\"--small\" data-srcset=\"https:\/\/www.brengertransport.de\/de-de\/wp-content\/uploads\/sites\/4\/2023\/12\/integration-marketplace-transport.svg\">\n                                    <source media=\"--large\" data-srcset=\"https:\/\/www.brengertransport.de\/de-de\/wp-content\/uploads\/sites\/4\/2023\/12\/integration-marketplace-transport.svg\">\n                                    <source data-srcset=\"https:\/\/www.brengertransport.de\/de-de\/wp-content\/uploads\/sites\/4\/2023\/12\/integration-marketplace-transport.svg\">\n                                    <img data-src=\"https:\/\/www.brengertransport.de\/de-de\/wp-content\/uploads\/sites\/4\/2023\/12\/integration-marketplace-transport.svg\" class=\"lazyload\">\n                                <\/picture>\n                            <\/div>\n                                            <\/div>\n                    <div class=\"col-text col col-12 col-md-6 section-space--y order-1 md:order-none\">\n                        <div class=\"split-content--text markdown\">\n                            \n\n<h2 class=\"wp-block-heading\">Kleinanzeigen und Marktpl\u00e4tze<\/h2>\n\n\n\n<p>Kunden kaufen auf deiner Plattform gerne Gegenst\u00e4nde, die nicht so leicht ins Auto passen? Oder schlicht zu weit entfernt sind? Dann haben wir die perfekte L\u00f6sung, von der alle profitieren: Binde Brenger einfach an deinen Marktplatz an und erm\u00f6gliche deinen Nutzern so ein komfortables E-Commerce-Erlebnis, vom Kauf bis zur Lieferung.<\/p>\n\n\n\n<div class=\"inline-icon-block\"><img decoding=\"async\" style=\"display:inline-block;padding-right:10px\" class=\"lazyload\" src=\"https:\/\/next.brenger.nl\/de-de\/wp-content\/themes\/brenger\/assets\/images\/icons\/checkmark-green.svg\"\/>Ausgezeichnetes Kundenerlebnis: eine Zahlung f\u00fcr Produkt und Lieferung<\/div>\n\n\n\n<div class=\"inline-icon-block\"><img decoding=\"async\" style=\"display:inline-block;padding-right:10px\" class=\"lazyload\" src=\"https:\/\/next.brenger.nl\/de-de\/wp-content\/themes\/brenger\/assets\/images\/icons\/checkmark-green.svg\"\/>H\u00f6here Konvertierung<\/div>\n\n\n\n<div class=\"inline-icon-block\"><img decoding=\"async\" style=\"display:inline-block;padding-right:10px\" class=\"lazyload\" src=\"https:\/\/next.brenger.nl\/de-de\/wp-content\/themes\/brenger\/assets\/images\/icons\/checkmark-green.svg\"\/>Verbesserte Kundenbindung durch positive Erfahrung mit deiner Plattform<\/div>\n\n\n\n<p><a class=\"btn btn--solid\" href=\"\/de-de\/partner\/start\">Kontakt aufnehmen<\/a><\/p>\n\n                        <\/div>\n                    <\/div>\n                <\/div>\n            <\/div>\n        <\/section>\n\n\n\n        <section class=\"split-content split-content--right theme--white split-content--picture-contain split-content--center-text\">\n                            <span class=\"land-here\" id=\"e-commerce-einzelhandel\"><\/span>\n                        <div class=\"container-fluid\">\n                <div class=\"row\">\n                    <div class=\"col col-image col-12 col-md-6 section-space--y \">\n                                                    <div class=\"split-content--image\">\n                                <picture>\n                                    <source media=\"--small\" data-srcset=\"https:\/\/www.brengertransport.de\/de-de\/wp-content\/uploads\/sites\/4\/2023\/12\/brenger_integration_eccomerce.svg\">\n                                    <source media=\"--large\" data-srcset=\"https:\/\/www.brengertransport.de\/de-de\/wp-content\/uploads\/sites\/4\/2023\/12\/brenger_integration_eccomerce.svg\">\n                                    <source data-srcset=\"https:\/\/www.brengertransport.de\/de-de\/wp-content\/uploads\/sites\/4\/2023\/12\/brenger_integration_eccomerce.svg\">\n                                    <img data-src=\"https:\/\/www.brengertransport.de\/de-de\/wp-content\/uploads\/sites\/4\/2023\/12\/brenger_integration_eccomerce.svg\" class=\"lazyload\">\n                                <\/picture>\n                            <\/div>\n                                            <\/div>\n                    <div class=\"col-text col col-12 col-md-6 section-space--y \">\n                        <div class=\"split-content--text markdown\">\n                            \n\n<h2 class=\"wp-block-heading\">E-Commerce (Einzelhandel)<\/h2>\n\n\n\n<p>Bist du auf der Suche nach einem schnelleren, flexibleren sowie kosteng\u00fcnstigeren Kurierdienst f\u00fcr die Transporte und Retouren deines Unternehmens? D\u00fcrfen wir uns vorstellen: Bei Brenger buchst du Transporte mit nur wenigen Klicks \u00fcber dein eigenes Online-Dashboard.<\/p>\n\n\n\n<p>Alternativ kannst du unsere vorgefertigten L\u00f6sungen in dein ERP-, WMS-, Logistik- oder Webshop-Software integrieren. Dank unserer Echtzeit-Dateneinblicke helfen wir dir, deine Kunden besser zu verstehen und deinen Lieferservice zu optimieren:<\/p>\n\n\n\n<div class=\"inline-icon-block\"><img decoding=\"async\" style=\"display:inline-block;padding-right:10px\" class=\"lazyload\" src=\"https:\/\/next.brenger.nl\/de-de\/wp-content\/themes\/brenger\/assets\/images\/icons\/checkmark-green.svg\"\/>Plug-and-Play in Zusammenarbeit mit WOOcommerce.<\/div>\n\n\n\n<div class=\"inline-icon-block\"><img decoding=\"async\" style=\"display:inline-block;padding-right:10px\" class=\"lazyload\" src=\"https:\/\/next.brenger.nl\/de-de\/wp-content\/themes\/brenger\/assets\/images\/icons\/checkmark-green.svg\"\/>Automatisiere deinen Betrieb ganz einfach mit unserer API.<\/div>\n\n\n\n<div class=\"inline-icon-block\"><img decoding=\"async\" style=\"display:inline-block;padding-right:10px\" class=\"lazyload\" src=\"https:\/\/next.brenger.nl\/de-de\/wp-content\/themes\/brenger\/assets\/images\/icons\/checkmark-green.svg\"\/>Buche und plane deine Transporte ganz einfach in deinem eigenen kostenlosen Online-Portal.<\/div>\n\n\n\n<p><a class=\"btn btn--solid\" href=\"\/de-de\/partner\/start\">Kontakt aufnehmen<\/a><\/p>\n\n                        <\/div>\n                    <\/div>\n                <\/div>\n            <\/div>\n        <\/section>\n\n\n\n        <section class=\"split-content split-content--left theme--primary--light split-content--picture-contain split-content--center-text\">\n                            <span class=\"land-here\" id=\"auktionen\"><\/span>\n                        <div class=\"container-fluid\">\n                <div class=\"row\">\n                    <div class=\"col col-image col-12 col-md-6 section-space--y order-2 md:order-none\">\n                                            <\/div>\n                    <div class=\"col-text col col-12 col-md-6 section-space--y order-1 md:order-none\">\n                        <div class=\"split-content--text markdown\">\n                            \n\n<h2 class=\"wp-block-heading\">Auktionen<\/h2>\n\n\n\n<p>Von gro\u00dfen bis kleinen Losen bieten wir f\u00fcr jede Auktion eine passende Transportl\u00f6sung. Als stolzer Partner von beispielsweise BVA- und Troostwijk-Auktionen (NL) bieten wir ma\u00dfgeschneiderte L\u00f6sungen f\u00fcr Auktionsplattformen.<\/p>\n\n\n\n<p><a class=\"btn btn--solid\" href=\"\/de-de\/partner\/start\">Kontakt aufnehmen<\/a><\/p>\n\n                        <\/div>\n                    <\/div>\n                <\/div>\n            <\/div>\n        <\/section>\n\n\n\n        <section class=\"split-content split-content--left theme--secondary split-content--picture-cover split-content--center-text\">\n                            <span class=\"land-here\" id=\"reduzieren-deine-co2-emissionen-durch-den-einsatz-von-brenger\"><\/span>\n                        <div class=\"container-fluid\">\n                <div class=\"row\">\n                    <div class=\"col col-image col-12 col-md-6 section-space--y order-2 md:order-none\">\n                                            <\/div>\n                    <div class=\"col-text col col-12 col-md-6 section-space--y order-1 md:order-none\">\n                        <div class=\"split-content--text markdown\">\n                            \n\n<h2 class=\"wp-block-heading\">Reduzieren deine CO2-Emissionen durch den Einsatz von Brenger<\/h2>\n\n\n\n<p>Wir verbinden deinen Transport mit dem Kurier, der die Strecke bereits f\u00e4hrt. Indem du nicht selbst f\u00e4hrst, sondern einen Brenger-Kurier \u00fcbernehmen l\u00e4sst, sparst du durchschnittlich&nbsp;<strong>48.4 kg CO2<\/strong>\ud83d\udca8 bei einem Transport von&nbsp;<strong>220 km ein.<\/strong>&nbsp;Das entspricht den Emissionen von&nbsp;<strong>26,8 Hamburgern<\/strong>&nbsp;\ud83c\udf54 oder&nbsp;<strong>89,8 Duschen<\/strong>&nbsp;\ud83d\udebf.<\/p>\n\n\n\n<h4 class=\"wp-block-heading\">Insgesamt haben wir schon mehr als 3.187 Tonnen CO2 gespart.<\/h4>\n\n                        <\/div>\n                    <\/div>\n                <\/div>\n            <\/div>\n        <\/section>\n","protected":false},"excerpt":{"rendered":"","protected":false},"author":2,"featured_media":0,"parent":0,"menu_order":0,"comment_status":"closed","ping_status":"closed","template":"","meta":{"_improvement_type_select":"improve_an_existing","_thumb_yes_seoaic":false,"_frame_yes_seoaic":false,"seoaic_generate_description":"","seoaic_improve_instructions_prompt":"","seoaic_rollback_content_improvement":"","seoaic_idea_thumbnail_generator":"","thumbnail_generated":false,"thumbnail_generate_prompt":"","seoaic_article_description":"","inline_featured_image":false,"footnotes":""},"class_list":["post-364","page","type-page","status-publish","hentry"],"yoast_head":"<!-- This site is optimized with the Yoast SEO Premium plugin v27.3 (Yoast SEO v27.3) - https:\/\/yoast.com\/product\/yoast-seo-premium-wordpress\/ -->\n<title>Partner - Brenger<\/title>\n<meta name=\"robots\" content=\"index, follow, max-snippet:-1, max-image-preview:large, max-video-preview:-1\" \/>\n<link rel=\"canonical\" href=\"https:\/\/www.brengertransport.de\/de-de\/partner\/\" \/>\n<meta property=\"og:locale\" content=\"de_DE\" \/>\n<meta property=\"og:type\" content=\"article\" \/>\n<meta property=\"og:title\" content=\"Partner\" \/>\n<meta property=\"og:url\" content=\"https:\/\/www.brengertransport.de\/de-de\/partner\/\" \/>\n<meta property=\"og:site_name\" content=\"Brenger\" \/>\n<meta property=\"article:publisher\" content=\"https:\/\/www.facebook.com\/brenger.nl\" \/>\n<meta property=\"article:modified_time\" content=\"2024-01-17T15:37:11+00:00\" \/>\n<meta property=\"og:image\" content=\"https:\/\/next.brenger.nl\/de-de\/wp-content\/themes\/brenger\/assets\/images\/icons\/checkmark-green.svg\" \/>\n<meta name=\"twitter:card\" content=\"summary_large_image\" \/>\n<meta name=\"twitter:label1\" content=\"Est. reading time\" \/>\n\t<meta name=\"twitter:data1\" content=\"3 minutes\" \/>\n<script type=\"application\/ld+json\" class=\"yoast-schema-graph\">{\"@context\":\"https:\\\/\\\/schema.org\",\"@graph\":[{\"@type\":\"WebPage\",\"@id\":\"https:\\\/\\\/www.brengertransport.de\\\/de-de\\\/partner\\\/\",\"url\":\"https:\\\/\\\/www.brengertransport.de\\\/de-de\\\/partner\\\/\",\"name\":\"Partner - Brenger\",\"isPartOf\":{\"@id\":\"https:\\\/\\\/www.brengertransport.de\\\/de-de\\\/#website\"},\"primaryImageOfPage\":{\"@id\":\"https:\\\/\\\/www.brengertransport.de\\\/de-de\\\/partner\\\/#primaryimage\"},\"image\":{\"@id\":\"https:\\\/\\\/www.brengertransport.de\\\/de-de\\\/partner\\\/#primaryimage\"},\"thumbnailUrl\":\"https:\\\/\\\/next.brenger.nl\\\/de-de\\\/wp-content\\\/themes\\\/brenger\\\/assets\\\/images\\\/icons\\\/checkmark-green.svg\",\"datePublished\":\"2021-08-16T09:23:28+00:00\",\"dateModified\":\"2024-01-17T15:37:11+00:00\",\"breadcrumb\":{\"@id\":\"https:\\\/\\\/www.brengertransport.de\\\/de-de\\\/partner\\\/#breadcrumb\"},\"inLanguage\":\"de-DE\",\"potentialAction\":[{\"@type\":\"ReadAction\",\"target\":[\"https:\\\/\\\/www.brengertransport.de\\\/de-de\\\/partner\\\/\"]}]},{\"@type\":\"ImageObject\",\"inLanguage\":\"de-DE\",\"@id\":\"https:\\\/\\\/www.brengertransport.de\\\/de-de\\\/partner\\\/#primaryimage\",\"url\":\"https:\\\/\\\/next.brenger.nl\\\/de-de\\\/wp-content\\\/themes\\\/brenger\\\/assets\\\/images\\\/icons\\\/checkmark-green.svg\",\"contentUrl\":\"https:\\\/\\\/next.brenger.nl\\\/de-de\\\/wp-content\\\/themes\\\/brenger\\\/assets\\\/images\\\/icons\\\/checkmark-green.svg\"},{\"@type\":\"BreadcrumbList\",\"@id\":\"https:\\\/\\\/www.brengertransport.de\\\/de-de\\\/partner\\\/#breadcrumb\",\"itemListElement\":[{\"@type\":\"ListItem\",\"position\":1,\"name\":\"Home\",\"item\":\"https:\\\/\\\/www.brengertransport.de\\\/de-de\\\/\"},{\"@type\":\"ListItem\",\"position\":2,\"name\":\"Partner\"}]},{\"@type\":\"WebSite\",\"@id\":\"https:\\\/\\\/www.brengertransport.de\\\/de-de\\\/#website\",\"url\":\"https:\\\/\\\/www.brengertransport.de\\\/de-de\\\/\",\"name\":\"Brenger\",\"description\":\"Immer gut geliefert\",\"potentialAction\":[{\"@type\":\"SearchAction\",\"target\":{\"@type\":\"EntryPoint\",\"urlTemplate\":\"https:\\\/\\\/www.brengertransport.de\\\/de-de\\\/?s={search_term_string}\"},\"query-input\":{\"@type\":\"PropertyValueSpecification\",\"valueRequired\":true,\"valueName\":\"search_term_string\"}}],\"inLanguage\":\"de-DE\"}]}<\/script>\n<!-- \/ Yoast SEO Premium plugin. -->","yoast_head_json":{"title":"Partner - Brenger","robots":{"index":"index","follow":"follow","max-snippet":"max-snippet:-1","max-image-preview":"max-image-preview:large","max-video-preview":"max-video-preview:-1"},"canonical":"https:\/\/www.brengertransport.de\/de-de\/partner\/","og_locale":"de_DE","og_type":"article","og_title":"Partner","og_url":"https:\/\/www.brengertransport.de\/de-de\/partner\/","og_site_name":"Brenger","article_publisher":"https:\/\/www.facebook.com\/brenger.nl","article_modified_time":"2024-01-17T15:37:11+00:00","og_image":[{"url":"https:\/\/next.brenger.nl\/de-de\/wp-content\/themes\/brenger\/assets\/images\/icons\/checkmark-green.svg","type":"","width":"","height":""}],"twitter_card":"summary_large_image","twitter_misc":{"Est. reading time":"3 minutes"},"schema":{"@context":"https:\/\/schema.org","@graph":[{"@type":"WebPage","@id":"https:\/\/www.brengertransport.de\/de-de\/partner\/","url":"https:\/\/www.brengertransport.de\/de-de\/partner\/","name":"Partner - Brenger","isPartOf":{"@id":"https:\/\/www.brengertransport.de\/de-de\/#website"},"primaryImageOfPage":{"@id":"https:\/\/www.brengertransport.de\/de-de\/partner\/#primaryimage"},"image":{"@id":"https:\/\/www.brengertransport.de\/de-de\/partner\/#primaryimage"},"thumbnailUrl":"https:\/\/next.brenger.nl\/de-de\/wp-content\/themes\/brenger\/assets\/images\/icons\/checkmark-green.svg","datePublished":"2021-08-16T09:23:28+00:00","dateModified":"2024-01-17T15:37:11+00:00","breadcrumb":{"@id":"https:\/\/www.brengertransport.de\/de-de\/partner\/#breadcrumb"},"inLanguage":"de-DE","potentialAction":[{"@type":"ReadAction","target":["https:\/\/www.brengertransport.de\/de-de\/partner\/"]}]},{"@type":"ImageObject","inLanguage":"de-DE","@id":"https:\/\/www.brengertransport.de\/de-de\/partner\/#primaryimage","url":"https:\/\/next.brenger.nl\/de-de\/wp-content\/themes\/brenger\/assets\/images\/icons\/checkmark-green.svg","contentUrl":"https:\/\/next.brenger.nl\/de-de\/wp-content\/themes\/brenger\/assets\/images\/icons\/checkmark-green.svg"},{"@type":"BreadcrumbList","@id":"https:\/\/www.brengertransport.de\/de-de\/partner\/#breadcrumb","itemListElement":[{"@type":"ListItem","position":1,"name":"Home","item":"https:\/\/www.brengertransport.de\/de-de\/"},{"@type":"ListItem","position":2,"name":"Partner"}]},{"@type":"WebSite","@id":"https:\/\/www.brengertransport.de\/de-de\/#website","url":"https:\/\/www.brengertransport.de\/de-de\/","name":"Brenger","description":"Immer gut geliefert","potentialAction":[{"@type":"SearchAction","target":{"@type":"EntryPoint","urlTemplate":"https:\/\/www.brengertransport.de\/de-de\/?s={search_term_string}"},"query-input":{"@type":"PropertyValueSpecification","valueRequired":true,"valueName":"search_term_string"}}],"inLanguage":"de-DE"}]}},"_links":{"self":[{"href":"https:\/\/www.brengertransport.de\/de-de\/wp-json\/wp\/v2\/pages\/364","targetHints":{"allow":["GET"]}}],"collection":[{"href":"https:\/\/www.brengertransport.de\/de-de\/wp-json\/wp\/v2\/pages"}],"about":[{"href":"https:\/\/www.brengertransport.de\/de-de\/wp-json\/wp\/v2\/types\/page"}],"author":[{"embeddable":true,"href":"https:\/\/www.brengertransport.de\/de-de\/wp-json\/wp\/v2\/users\/2"}],"replies":[{"embeddable":true,"href":"https:\/\/www.brengertransport.de\/de-de\/wp-json\/wp\/v2\/comments?post=364"}],"version-history":[{"count":0,"href":"https:\/\/www.brengertransport.de\/de-de\/wp-json\/wp\/v2\/pages\/364\/revisions"}],"wp:attachment":[{"href":"https:\/\/www.brengertransport.de\/de-de\/wp-json\/wp\/v2\/media?parent=364"}],"curies":[{"name":"wp","href":"https:\/\/api.w.org\/{rel}","templated":true}]}}