{"id":386,"date":"2020-05-05T10:18:38","date_gmt":"2020-05-05T10:18:38","guid":{"rendered":"https:\/\/next.brenger.nl\/de-de\/notice-and-take-down-verfahren-brenger\/"},"modified":"2026-02-13T11:00:28","modified_gmt":"2026-02-13T10:00:28","slug":"notice-and-take-down-verfahren-brenger","status":"publish","type":"page","link":"https:\/\/www.brengertransport.de\/de-de\/notice-and-take-down-verfahren-brenger\/","title":{"rendered":"Notice and take down-Verfahren Brenger"},"content":{"rendered":"\n<section class=\"theme--white section-space--y--none\"><div class=\"container markdown\"><\/div><\/section>\n\n\n\n<section class=\"theme--white section-space--y\"><div class=\"container markdown\"><h1 class=\"has-link-color wp-elements-6fd290554a625d934326656c8034c365 wp-block-post-title has-text-color has-dark-blue-color\">Notice and take down-Verfahren Brenger<\/h1>\n\n\n<p>Auf dieser Website, www.brengertransport.com, k\u00f6nnen Benutzer Inhalt und Informationen selbst hochladen. Dies kann z.B. bei der Platzierung einer Bestellung oder bei der Reaktion auf eine Bestellung geschehen. In diesem &#8220;Notice and take down&#8221;-Verfahren (NTD) k\u00f6nnen Sie sich informieren, wie Sie einen NTD-Antrag an uns richten k\u00f6nnen, um bestimmte Inhalte von der Website zu entfernen.<\/p>\n\n\n\n<p>Die Informationen, die Benutzer auf unserer Website ver\u00f6ffentlichen, werden nicht von uns bearbeitet oder kontrolliert. Wir halten uns jedoch an die Regeln in unseren Allgemeinen Gesch\u00e4ftsbedingungen und ermutigen Benutzer, uns auf Verst\u00f6\u00dfe anderer Benutzer aufmerksam zu machen. Wir w\u00fcrden auch gerne umgehend benachrichtigt werden, wenn Informationen auf unserer Website unangemessen, anst\u00f6\u00dfig oder ungesetzlich sind.<\/p>\n\n\n\n<h3 class=\"wp-block-heading has-dark-blue-color has-text-color has-link-color wp-elements-de96ae00211c37404ce09270155f76ee\" id=\"h-einreichung-einer-ntd-anfrage\"><strong>Einreichung einer NTD-Anfrage<\/strong><\/h3>\n\n\n\n<p>Sie k\u00f6nnen uns \u00fcber bestimmte Inhalte auf der Website benachrichtigen und uns bitten, diese zu entfernen, wenn Sie der Meinung sind, dass diese Inhalte:<\/p>\n\n\n\n<p><ul>\n<li>Unrechtm\u00e4\u00dfig sind; oder<\/li>\n<li>Unseren <a href=\"https:\/\/www.brengertransport.com\/de-de\/allgemeinen-gesch%C3%A4ftsbedingungen-des-auftraggebers\/\">Allgemeinen Bedingungen<\/a> widersprechen<\/li>\n<\/ul><\/p>\n\n\n\n<p>Sie k\u00f6nnen uns eine NTD-Anfrage \u00fcber die Report-Buttons auf der Website oder per E-Mail an <a href=\"mailto:info@brengertransport.de\">info@brengertransport.de<\/a> \u00fcbermitteln. Sie k\u00f6nnen beantragen, dass wir Ihre Anfrage dringend bearbeiten. Die Entscheidung, ob der Bericht dringend behandelt werden muss, werden wir selbst treffen.<\/p>\n\n\n\n<p>Wir bitten Sie, unser NTD-Formular mit Ihrer Anfrage auszuf\u00fcllen oder uns zumindest die folgenden Informationen zur Verf\u00fcgung zu stellen:<\/p>\n\n\n\n<p><ul> <li>Ihre Kontaktdaten;<\/li> <li>Inhalt und die Stelle des Inhalts, die Sie entfernt haben m\u00f6chten (zumindest die URL);<\/li> <li>Eine Begr\u00fcndung, warum der Inhalt Ihrer Meinung nach rechtswidrig ist oder gegen unsere Allgemeinen Gesch\u00e4ftsbedingungen verst\u00f6\u00dft.<\/li><\/ul><\/p>\n\n\n\n<h3 class=\"wp-block-heading has-dark-blue-color has-text-color has-link-color wp-elements-439dc6d823b56a2e28711545cfa8e710\" id=\"h-bearbeitung-von-ntd-antragen\"><strong>Bearbeitung von NTD-Antr\u00e4gen<\/strong><\/h3>\n\n\n\n<p>Wenn wir eine NTD-Anfrage erhalten, pr\u00fcfen wir, ob der gemeldete Inhalt offenkundig rechtswidrig ist oder gegen unsere Allgemeinen Gesch\u00e4ftsbedingungen verst\u00f6\u00dft. Wir k\u00f6nnen die folgenden Ma\u00dfnahmen ergreifen:<\/p>\n\n\n\n<p><\/p>\n\n\n\n<p>Wir sind bestrebt, Antr\u00e4ge der NTD so schnell wie m\u00f6glich, sp\u00e4testens aber innerhalb von 7 Arbeitstagen zu bearbeiten, wenn n\u00f6tig in Absprache mit einem Berater. Wenn wir beschlie\u00dfen, ein dringendes Anliegen zu behandeln, werden wir dies innerhalb von 48 Stunden tun, damit weitere Sch\u00e4den verhindert werden k\u00f6nnen.<\/p>\n\n\n\n<p><ul> <\/ul><\/p>\n<\/div><\/section>\n","protected":false},"excerpt":{"rendered":"","protected":false},"author":2,"featured_media":0,"parent":0,"menu_order":0,"comment_status":"closed","ping_status":"closed","template":"","meta":{"_improvement_type_select":"improve_an_existing","_thumb_yes_seoaic":false,"_frame_yes_seoaic":false,"seoaic_generate_description":"","seoaic_improve_instructions_prompt":"","seoaic_rollback_content_improvement":"","seoaic_idea_thumbnail_generator":"","thumbnail_generated":false,"thumbnail_generate_prompt":"","seoaic_article_description":"","inline_featured_image":false,"footnotes":""},"class_list":["post-386","page","type-page","status-publish","hentry"],"yoast_head":"<!-- This site is optimized with the Yoast SEO Premium plugin v27.4 (Yoast SEO v27.5) - https:\/\/yoast.com\/product\/yoast-seo-premium-wordpress\/ -->\n<title>Notice and take down-Verfahren Brenger<\/title>\n<meta name=\"robots\" content=\"index, follow, max-snippet:-1, max-image-preview:large, max-video-preview:-1\" \/>\n<link rel=\"canonical\" href=\"https:\/\/www.brengertransport.de\/de-de\/notice-and-take-down-verfahren-brenger\/\" \/>\n<meta property=\"og:locale\" content=\"de_DE\" \/>\n<meta property=\"og:type\" content=\"article\" \/>\n<meta property=\"og:title\" content=\"Notice and take down-Verfahren Brenger\" \/>\n<meta property=\"og:url\" content=\"https:\/\/www.brengertransport.de\/de-de\/notice-and-take-down-verfahren-brenger\/\" \/>\n<meta property=\"og:site_name\" content=\"Brenger\" \/>\n<meta property=\"article:publisher\" content=\"https:\/\/www.facebook.com\/brenger.nl\" \/>\n<meta property=\"article:modified_time\" content=\"2026-02-13T10:00:28+00:00\" \/>\n<meta name=\"twitter:card\" content=\"summary_large_image\" \/>\n<meta name=\"twitter:label1\" content=\"Est. reading time\" \/>\n\t<meta name=\"twitter:data1\" content=\"2 minutes\" \/>\n<script type=\"application\/ld+json\" class=\"yoast-schema-graph\">{\"@context\":\"https:\\\/\\\/schema.org\",\"@graph\":[{\"@type\":\"WebPage\",\"@id\":\"https:\\\/\\\/www.brengertransport.de\\\/de-de\\\/notice-and-take-down-verfahren-brenger\\\/\",\"url\":\"https:\\\/\\\/www.brengertransport.de\\\/de-de\\\/notice-and-take-down-verfahren-brenger\\\/\",\"name\":\"Notice and take down-Verfahren Brenger\",\"isPartOf\":{\"@id\":\"https:\\\/\\\/www.brengertransport.de\\\/de-de\\\/#website\"},\"datePublished\":\"2020-05-05T10:18:38+00:00\",\"dateModified\":\"2026-02-13T10:00:28+00:00\",\"breadcrumb\":{\"@id\":\"https:\\\/\\\/www.brengertransport.de\\\/de-de\\\/notice-and-take-down-verfahren-brenger\\\/#breadcrumb\"},\"inLanguage\":\"de-DE\",\"potentialAction\":[{\"@type\":\"ReadAction\",\"target\":[\"https:\\\/\\\/www.brengertransport.de\\\/de-de\\\/notice-and-take-down-verfahren-brenger\\\/\"]}]},{\"@type\":\"BreadcrumbList\",\"@id\":\"https:\\\/\\\/www.brengertransport.de\\\/de-de\\\/notice-and-take-down-verfahren-brenger\\\/#breadcrumb\",\"itemListElement\":[{\"@type\":\"ListItem\",\"position\":1,\"name\":\"Home\",\"item\":\"https:\\\/\\\/www.brengertransport.de\\\/de-de\\\/\"},{\"@type\":\"ListItem\",\"position\":2,\"name\":\"Notice and take down-Verfahren Brenger\"}]},{\"@type\":\"WebSite\",\"@id\":\"https:\\\/\\\/www.brengertransport.de\\\/de-de\\\/#website\",\"url\":\"https:\\\/\\\/www.brengertransport.de\\\/de-de\\\/\",\"name\":\"Brenger\",\"description\":\"Immer gut geliefert\",\"potentialAction\":[{\"@type\":\"SearchAction\",\"target\":{\"@type\":\"EntryPoint\",\"urlTemplate\":\"https:\\\/\\\/www.brengertransport.de\\\/de-de\\\/?s={search_term_string}\"},\"query-input\":{\"@type\":\"PropertyValueSpecification\",\"valueRequired\":true,\"valueName\":\"search_term_string\"}}],\"inLanguage\":\"de-DE\"}]}<\/script>\n<!-- \/ Yoast SEO Premium plugin. -->","yoast_head_json":{"title":"Notice and take down-Verfahren Brenger","robots":{"index":"index","follow":"follow","max-snippet":"max-snippet:-1","max-image-preview":"max-image-preview:large","max-video-preview":"max-video-preview:-1"},"canonical":"https:\/\/www.brengertransport.de\/de-de\/notice-and-take-down-verfahren-brenger\/","og_locale":"de_DE","og_type":"article","og_title":"Notice and take down-Verfahren Brenger","og_url":"https:\/\/www.brengertransport.de\/de-de\/notice-and-take-down-verfahren-brenger\/","og_site_name":"Brenger","article_publisher":"https:\/\/www.facebook.com\/brenger.nl","article_modified_time":"2026-02-13T10:00:28+00:00","twitter_card":"summary_large_image","twitter_misc":{"Est. reading time":"2 minutes"},"schema":{"@context":"https:\/\/schema.org","@graph":[{"@type":"WebPage","@id":"https:\/\/www.brengertransport.de\/de-de\/notice-and-take-down-verfahren-brenger\/","url":"https:\/\/www.brengertransport.de\/de-de\/notice-and-take-down-verfahren-brenger\/","name":"Notice and take down-Verfahren Brenger","isPartOf":{"@id":"https:\/\/www.brengertransport.de\/de-de\/#website"},"datePublished":"2020-05-05T10:18:38+00:00","dateModified":"2026-02-13T10:00:28+00:00","breadcrumb":{"@id":"https:\/\/www.brengertransport.de\/de-de\/notice-and-take-down-verfahren-brenger\/#breadcrumb"},"inLanguage":"de-DE","potentialAction":[{"@type":"ReadAction","target":["https:\/\/www.brengertransport.de\/de-de\/notice-and-take-down-verfahren-brenger\/"]}]},{"@type":"BreadcrumbList","@id":"https:\/\/www.brengertransport.de\/de-de\/notice-and-take-down-verfahren-brenger\/#breadcrumb","itemListElement":[{"@type":"ListItem","position":1,"name":"Home","item":"https:\/\/www.brengertransport.de\/de-de\/"},{"@type":"ListItem","position":2,"name":"Notice and take down-Verfahren Brenger"}]},{"@type":"WebSite","@id":"https:\/\/www.brengertransport.de\/de-de\/#website","url":"https:\/\/www.brengertransport.de\/de-de\/","name":"Brenger","description":"Immer gut geliefert","potentialAction":[{"@type":"SearchAction","target":{"@type":"EntryPoint","urlTemplate":"https:\/\/www.brengertransport.de\/de-de\/?s={search_term_string}"},"query-input":{"@type":"PropertyValueSpecification","valueRequired":true,"valueName":"search_term_string"}}],"inLanguage":"de-DE"}]}},"_links":{"self":[{"href":"https:\/\/www.brengertransport.de\/de-de\/wp-json\/wp\/v2\/pages\/386","targetHints":{"allow":["GET"]}}],"collection":[{"href":"https:\/\/www.brengertransport.de\/de-de\/wp-json\/wp\/v2\/pages"}],"about":[{"href":"https:\/\/www.brengertransport.de\/de-de\/wp-json\/wp\/v2\/types\/page"}],"author":[{"embeddable":true,"href":"https:\/\/www.brengertransport.de\/de-de\/wp-json\/wp\/v2\/users\/2"}],"replies":[{"embeddable":true,"href":"https:\/\/www.brengertransport.de\/de-de\/wp-json\/wp\/v2\/comments?post=386"}],"version-history":[{"count":0,"href":"https:\/\/www.brengertransport.de\/de-de\/wp-json\/wp\/v2\/pages\/386\/revisions"}],"wp:attachment":[{"href":"https:\/\/www.brengertransport.de\/de-de\/wp-json\/wp\/v2\/media?parent=386"}],"curies":[{"name":"wp","href":"https:\/\/api.w.org\/{rel}","templated":true}]}}