{"id":387,"date":"2020-04-29T12:05:50","date_gmt":"2020-04-29T12:05:50","guid":{"rendered":"https:\/\/next.brenger.nl\/de-de\/kontakt-mit-team-brenger\/"},"modified":"2026-01-26T10:40:30","modified_gmt":"2026-01-26T09:40:30","slug":"kontakt-mit-team-brenger","status":"publish","type":"page","link":"https:\/\/www.brengertransport.de\/de-de\/kontakt-mit-team-brenger\/","title":{"rendered":"Kontakt mit Team Brenger"},"content":{"rendered":"\n<section class=\"theme--white section-space--y--none\"><div class=\"container markdown\">\n<div class=\"w-full section-space--t\"><\/div>\n\n\n<h1 class=\"wp-block-post-title\">Kontakt mit Team Brenger<\/h1><\/div><\/section>\n\n\n\n<section class=\"theme--white section-space--y--50\"><div class=\"container markdown\">\n<h3 class=\"wp-block-heading\" id=\"h-wie-kann-ich-den-kundenservice-erreichen\">Wie kann ich den Kundenservice erreichen?<\/h3>\n\n\n\n<p>Oftmals findest Du die Antwort auf Deine Frage in einer unserer <a href=\"https:\/\/support-customer.brenger.nl\/de\/support\/home\">h\u00e4ufig gestellten Fragen<\/a>, wie zum Beispiel:<\/p>\n\n\n\n<p><ul>\n<li><a href=\"https:\/\/support-customer.brenger.nl\/de\/support\/solutions\/articles\/43000683079-was-kostet-ein-transport-mit-brenger-\">Was kostet ein Transport mit Brenger?<\/a><\/li>\n<li><a href=\"https:\/\/support-customer.brenger.nl\/de\/support\/solutions\/articles\/43000683073-garantiert-brenger-die-zustellung-meiner-gegenst%C3%A4nde-\">Garantiert Brenger die Zustellung meiner Gegenst\u00e4nde?<\/a><\/li>\n<li><a href=\"https:\/\/support-customer.brenger.nl\/de\/support\/solutions\/articles\/43000683060-kann-ein-kurier-auch-mit-einer-zus%C3%A4tzlichen-tragehilfe-kommen-\">Kann ein Kurier auch mit einer zus\u00e4tzlichen Tragehilfe kommen?<\/a><\/li>\n<\/ul><\/p>\n\n\n\n<p><a class=\"btn btn--solid\" href=\"https:\/\/support-customer.brenger.nl\/de\/support\/home\">H\u00e4ufig gestellte Fragen<\/a><\/p>\n\n\n\n<p><\/p>\n\n\n\n<h3 class=\"wp-block-heading\" id=\"h-e-mail\">E-Mail<\/h3>\n\n\n\n<p>F\u00fcr allgemeine Fragen oder Beschwerden sende bitte eine E-Mail an&nbsp;<a href=\"mailto:info@brenger.nl\"><\/a><a href=\"mailto:i%EF%BB%BFnfo@brengertransport.de\">info@brengertransport.de<\/a>. Wir werden innerhalb von 24 Stunden auf deine Anfrage antworten.<\/p>\n\n\n\n<h3 class=\"wp-block-heading\" id=\"h-chat\">Chat<\/h3>\n\n\n\n<p>Unser Chatbot Sprinter steht rund um die Uhr zur Verf\u00fcgung. Der Chat ist der schnellste Weg, um Antworten auf Deine Fragen zu erhalten. M\u00f6chtest du mit einer Person chatten? W\u00e4hrend unserer Gesch\u00e4ftszeiten kannst du mit einem unserer Kollegen verbunden werden. <a href=\"https:\/\/www.brengertransport.de\/de-de\/kontakt-mit-team-brenger\/?chat-open=true\">Klicke hier, um den Chat zu \u00f6ffnen<\/a>.<\/p>\n\n\n\n<h3 class=\"wp-block-heading\" id=\"h-telefon\">Telefon<\/h3>\n\n\n\n<p>Hast du eine dringende Frage zu deinem Transport? Halte deine Referenznummer bereit und rufe uns telefonisch unter&nbsp;<a href=\"tel:+4928229113057\">+49 2822 9113057<\/a>&nbsp;an.<\/p>\n\n\n\n<p><\/p>\n\n\n        <div class=\"section-space--y--25 markdown w-full\">\n            <table cellpadding=\"1\" cellspacing=\"1\" width=\"100%\" style=\"max-width: 480px\">\n                <thead>\n                    <tr>\n                        <td colspan=\"2\">Chat \u00d6ffnungszeiten<\/td>\n                    <\/tr>\n                <\/thead>\n                <tbody>\n                    <tr>\n                        <td style=\"width:200px\">Montag:<\/td>\n                        <td>09:00 &#8211; 17:00<\/td>\n                    <\/tr>\n                    <tr>\n                        <td>Dienstag:<\/td>\n                        <td>09:00 &#8211; 17:00<\/td>\n                    <\/tr>\n                    <tr>\n                        <td>Mittwoch:<\/td>\n                        <td>09:00 &#8211; 17:00<\/td>\n                    <\/tr>\n                    <tr>\n                        <td>Donnerstag:<\/td>\n                        <td>09:00 &#8211; 17:00<\/td>\n                    <\/tr>\n                    <tr>\n                        <td>Freitag:<\/td>\n                        <td>09:00 &#8211; 17:00<\/td>\n                    <\/tr>\n                    <tr>\n                        <td>Samstag:<\/td>\n                        <td>Geschlossen<\/td>\n                    <\/tr>\n                    <tr>\n                        <td>Sonntag:<\/td>\n                        <td>Geschlossen<\/td>\n                    <\/tr>\n                <\/tbody>\n            <\/table>\n            <p>Au\u00dferhalb der deutschsprachigen Supportzeiten kannst du uns gerne unter der gleichen Nummer anrufen und mit unserem englischsprachigen Support Kontakt aufnehmen. Mo-Fr von 08:00 bis 21:00 Uhr \/ Wochenende von 09:00 bis 21:00 Uhr.<\/p>\n        <\/div>\n<\/div><\/section>\n","protected":false},"excerpt":{"rendered":"","protected":false},"author":2,"featured_media":0,"parent":0,"menu_order":0,"comment_status":"closed","ping_status":"closed","template":"","meta":{"_improvement_type_select":"improve_an_existing","_thumb_yes_seoaic":false,"_frame_yes_seoaic":false,"seoaic_generate_description":"","seoaic_improve_instructions_prompt":"","seoaic_rollback_content_improvement":"","seoaic_idea_thumbnail_generator":"","thumbnail_generated":false,"thumbnail_generate_prompt":"","seoaic_article_description":"","inline_featured_image":false,"footnotes":""},"class_list":["post-387","page","type-page","status-publish","hentry"],"yoast_head":"<!-- This site is optimized with the Yoast SEO Premium plugin v27.6 (Yoast SEO v27.6) - https:\/\/yoast.com\/product\/yoast-seo-premium-wordpress\/ -->\n<title>Kontakt mit Team Brenger<\/title>\n<meta name=\"description\" content=\"Du kannst unseren Kundendienst per E-Mail, Telefon, oder Chat erreichen. Wir werden deine Fragen so schnell wie m\u00f6glich beantworten.\" \/>\n<meta name=\"robots\" content=\"index, follow, max-snippet:-1, max-image-preview:large, max-video-preview:-1\" \/>\n<link rel=\"canonical\" href=\"https:\/\/www.brengertransport.de\/de-de\/kontakt-mit-team-brenger\/\" \/>\n<meta property=\"og:locale\" content=\"de_DE\" \/>\n<meta property=\"og:type\" content=\"article\" \/>\n<meta property=\"og:title\" content=\"Kontakt mit Team Brenger\" \/>\n<meta property=\"og:description\" content=\"Du kannst unseren Kundendienst per E-Mail, Telefon, oder Chat erreichen. Wir werden deine Fragen so schnell wie m\u00f6glich beantworten.\" \/>\n<meta property=\"og:url\" content=\"https:\/\/www.brengertransport.de\/de-de\/kontakt-mit-team-brenger\/\" \/>\n<meta property=\"og:site_name\" content=\"Brenger\" \/>\n<meta property=\"article:publisher\" content=\"https:\/\/www.facebook.com\/brenger.nl\" \/>\n<meta property=\"article:modified_time\" content=\"2026-01-26T09:40:30+00:00\" \/>\n<meta name=\"twitter:card\" content=\"summary_large_image\" \/>\n<meta name=\"twitter:label1\" content=\"Est. reading time\" \/>\n\t<meta name=\"twitter:data1\" content=\"1 minute\" \/>\n<script type=\"application\/ld+json\" class=\"yoast-schema-graph\">{\"@context\":\"https:\\\/\\\/schema.org\",\"@graph\":[{\"@type\":\"WebPage\",\"@id\":\"https:\\\/\\\/www.brengertransport.de\\\/de-de\\\/kontakt-mit-team-brenger\\\/\",\"url\":\"https:\\\/\\\/www.brengertransport.de\\\/de-de\\\/kontakt-mit-team-brenger\\\/\",\"name\":\"Kontakt mit Team Brenger\",\"isPartOf\":{\"@id\":\"https:\\\/\\\/www.brengertransport.de\\\/de-de\\\/#website\"},\"datePublished\":\"2020-04-29T12:05:50+00:00\",\"dateModified\":\"2026-01-26T09:40:30+00:00\",\"description\":\"Du kannst unseren Kundendienst per E-Mail, Telefon, oder Chat erreichen. Wir werden deine Fragen so schnell wie m\u00f6glich beantworten.\",\"breadcrumb\":{\"@id\":\"https:\\\/\\\/www.brengertransport.de\\\/de-de\\\/kontakt-mit-team-brenger\\\/#breadcrumb\"},\"inLanguage\":\"de-DE\",\"potentialAction\":[{\"@type\":\"ReadAction\",\"target\":[\"https:\\\/\\\/www.brengertransport.de\\\/de-de\\\/kontakt-mit-team-brenger\\\/\"]}]},{\"@type\":\"BreadcrumbList\",\"@id\":\"https:\\\/\\\/www.brengertransport.de\\\/de-de\\\/kontakt-mit-team-brenger\\\/#breadcrumb\",\"itemListElement\":[{\"@type\":\"ListItem\",\"position\":1,\"name\":\"Home\",\"item\":\"https:\\\/\\\/www.brengertransport.de\\\/de-de\\\/\"},{\"@type\":\"ListItem\",\"position\":2,\"name\":\"Kontakt mit Team Brenger\"}]},{\"@type\":\"WebSite\",\"@id\":\"https:\\\/\\\/www.brengertransport.de\\\/de-de\\\/#website\",\"url\":\"https:\\\/\\\/www.brengertransport.de\\\/de-de\\\/\",\"name\":\"Brenger\",\"description\":\"Immer gut geliefert\",\"potentialAction\":[{\"@type\":\"SearchAction\",\"target\":{\"@type\":\"EntryPoint\",\"urlTemplate\":\"https:\\\/\\\/www.brengertransport.de\\\/de-de\\\/?s={search_term_string}\"},\"query-input\":{\"@type\":\"PropertyValueSpecification\",\"valueRequired\":true,\"valueName\":\"search_term_string\"}}],\"inLanguage\":\"de-DE\"}]}<\/script>\n<!-- \/ Yoast SEO Premium plugin. -->","yoast_head_json":{"title":"Kontakt mit Team Brenger","description":"Du kannst unseren Kundendienst per E-Mail, Telefon, oder Chat erreichen. Wir werden deine Fragen so schnell wie m\u00f6glich beantworten.","robots":{"index":"index","follow":"follow","max-snippet":"max-snippet:-1","max-image-preview":"max-image-preview:large","max-video-preview":"max-video-preview:-1"},"canonical":"https:\/\/www.brengertransport.de\/de-de\/kontakt-mit-team-brenger\/","og_locale":"de_DE","og_type":"article","og_title":"Kontakt mit Team Brenger","og_description":"Du kannst unseren Kundendienst per E-Mail, Telefon, oder Chat erreichen. Wir werden deine Fragen so schnell wie m\u00f6glich beantworten.","og_url":"https:\/\/www.brengertransport.de\/de-de\/kontakt-mit-team-brenger\/","og_site_name":"Brenger","article_publisher":"https:\/\/www.facebook.com\/brenger.nl","article_modified_time":"2026-01-26T09:40:30+00:00","twitter_card":"summary_large_image","twitter_misc":{"Est. reading time":"1 minute"},"schema":{"@context":"https:\/\/schema.org","@graph":[{"@type":"WebPage","@id":"https:\/\/www.brengertransport.de\/de-de\/kontakt-mit-team-brenger\/","url":"https:\/\/www.brengertransport.de\/de-de\/kontakt-mit-team-brenger\/","name":"Kontakt mit Team Brenger","isPartOf":{"@id":"https:\/\/www.brengertransport.de\/de-de\/#website"},"datePublished":"2020-04-29T12:05:50+00:00","dateModified":"2026-01-26T09:40:30+00:00","description":"Du kannst unseren Kundendienst per E-Mail, Telefon, oder Chat erreichen. Wir werden deine Fragen so schnell wie m\u00f6glich beantworten.","breadcrumb":{"@id":"https:\/\/www.brengertransport.de\/de-de\/kontakt-mit-team-brenger\/#breadcrumb"},"inLanguage":"de-DE","potentialAction":[{"@type":"ReadAction","target":["https:\/\/www.brengertransport.de\/de-de\/kontakt-mit-team-brenger\/"]}]},{"@type":"BreadcrumbList","@id":"https:\/\/www.brengertransport.de\/de-de\/kontakt-mit-team-brenger\/#breadcrumb","itemListElement":[{"@type":"ListItem","position":1,"name":"Home","item":"https:\/\/www.brengertransport.de\/de-de\/"},{"@type":"ListItem","position":2,"name":"Kontakt mit Team Brenger"}]},{"@type":"WebSite","@id":"https:\/\/www.brengertransport.de\/de-de\/#website","url":"https:\/\/www.brengertransport.de\/de-de\/","name":"Brenger","description":"Immer gut geliefert","potentialAction":[{"@type":"SearchAction","target":{"@type":"EntryPoint","urlTemplate":"https:\/\/www.brengertransport.de\/de-de\/?s={search_term_string}"},"query-input":{"@type":"PropertyValueSpecification","valueRequired":true,"valueName":"search_term_string"}}],"inLanguage":"de-DE"}]}},"_links":{"self":[{"href":"https:\/\/www.brengertransport.de\/de-de\/wp-json\/wp\/v2\/pages\/387","targetHints":{"allow":["GET"]}}],"collection":[{"href":"https:\/\/www.brengertransport.de\/de-de\/wp-json\/wp\/v2\/pages"}],"about":[{"href":"https:\/\/www.brengertransport.de\/de-de\/wp-json\/wp\/v2\/types\/page"}],"author":[{"embeddable":true,"href":"https:\/\/www.brengertransport.de\/de-de\/wp-json\/wp\/v2\/users\/2"}],"replies":[{"embeddable":true,"href":"https:\/\/www.brengertransport.de\/de-de\/wp-json\/wp\/v2\/comments?post=387"}],"version-history":[{"count":0,"href":"https:\/\/www.brengertransport.de\/de-de\/wp-json\/wp\/v2\/pages\/387\/revisions"}],"wp:attachment":[{"href":"https:\/\/www.brengertransport.de\/de-de\/wp-json\/wp\/v2\/media?parent=387"}],"curies":[{"name":"wp","href":"https:\/\/api.w.org\/{rel}","templated":true}]}}