{"id":389,"date":"2020-05-01T09:30:54","date_gmt":"2020-05-01T09:30:54","guid":{"rendered":"https:\/\/next.brenger.nl\/de-de\/vertrauen-und-sicherheit\/"},"modified":"2026-04-02T17:15:13","modified_gmt":"2026-04-02T15:15:13","slug":"vertrauen-und-sicherheit","status":"publish","type":"page","link":"https:\/\/www.brengertransport.de\/de-de\/vertrauen-und-sicherheit\/","title":{"rendered":"Zuverl\u00e4ssigkeit und Sicherheit"},"content":{"rendered":"\n<section class=\"theme--white section-space--y--none\"><div class=\"container markdown\">\n<div class=\"w-full section-space--t\"><\/div>\n\n\n<h1 class=\"wp-block-post-title\">Zuverl\u00e4ssigkeit und Sicherheit<\/h1><\/div><\/section>\n\n\n\n<section class=\"theme--white section-space--y--50\"><div class=\"container markdown\">\n<h3 class=\"wp-block-heading\" id=\"h-personlicher-und-vertraulicher-kontakt\"><strong>Pers\u00f6nlicher und vertraulicher Kontakt<\/strong><\/h3>\n\n\n\n<p>Brenger ist eine Plattform f\u00fcr den Transport von M\u00f6beln und anderen, haupts\u00e4chlich gro\u00dfen, Gegenst\u00e4nden f\u00fcr Einzelpersonen und KMU. Brenger macht den Transport dieser Gegenst\u00e4nden pers\u00f6nlich und einfach. Im Gegensatz zu einem Postzusteller, der einige Male -oder auch nicht- an der T\u00fcr klingelt, sucht ein Kurier den pers\u00f6nlichen Kontakt. Nachdem eine Vereinbarung getroffen wurde, erhalten der Kurier, der Auftraggeber und die andere Partei (Abhol- oder Lieferadresse) die Telefonnummer der jeweils anderen Parteien. So k\u00f6nnen sich alle vor und w\u00e4hrend des Transports gegenseitig auf dem Laufenden halten.<br>\n<br>\n<em>Mehr \u00fcber das Thema Versicherungen findest du am Ende dieser Seite.<\/em><\/p>\n\n\n\n<h3 class=\"wp-block-heading\" id=\"h-zuverlassigkeit\"><strong>Zuverl\u00e4ssigkeit<\/strong><\/h3>\n\n\n\n<p>Wir tun alles, um das Vertrauen zwischen unseren Nutzern zu st\u00e4rken. Wir verifizieren Kuriere, indem wir ihre Registrierung bei der Handelskammer, ihren Personalausweis, ihre Telefonnummer und Ihre IBAN \u00fcberpr\u00fcfen. Dar\u00fcber hinaus f\u00fchren wir mit jedem Kurier ein telefonisches Aufnahmegespr\u00e4ch, bevor er Transporte \u00fcber unsere Plattform durchf\u00fchren darf. Au\u00dferdem kann jeder Benutzer die Zuverl\u00e4ssigkeit der Kuriere erh\u00f6hen, indem er den Kurier nach einem Transport beurteilt. Schlie\u00dflich ist nichts wertvoller, als eine gute Bewertung durch einen anderen Nutzer!<\/p>\n\n\n\n<h3 class=\"wp-block-heading\" id=\"h-sichere-zahlung\"><strong>Sichere Zahlung<\/strong><\/h3>\n\n\n\n<p>Du zahlst sicher \u00fcber PayPal, Giropay, Kreditkarte oder Klarna. Wenn wir feststellen, dass die Lieferung der Gegenst\u00e4nde erfolgreich war oder wenn die Person an der Lieferadresse nicht innerhalb von 24 Stunden reagiert und best\u00e4tigt, dass die Artikel tats\u00e4chlich geliefert wurden oder nicht, bezahlen wir den Kurier.<\/p>\n\n\n\n<h3 class=\"wp-block-heading\" id=\"h-versicherung\"><strong>Versicherung<\/strong><\/h3>\n\n\n\n<p>Sollte doch einmal etwas schief gehen, helfen wir nat\u00fcrlich gerne. \u00dcber Brenger transportierte Gegenst\u00e4nde sind standardm\u00e4\u00dfig w\u00e4hrend des Transports bis zu \u20ac250 versichert. Versicherung nicht gedeckt. Auch Glas-, Stein-, Lebensmittel-oder Transportsch\u00e4den, die nicht unter die Garantie fallen (gr\u00f6\u00dfer als 400x180x160 cm, schwerer als 200 kg oder Sachen, die mit Ger\u00e4ten be- und entladen werden m\u00fcssen), sind von dieser Versicherung nicht gedeckt. Im Schadensfall bitten wir dich, sich direkt telefonisch mit uns in Verbindung zu setzen und Bilder der besch\u00e4digten Gegenst\u00e4nde, eine Beschreibung des Schadens und einen Nachweis der Reparaturkosten und\/oder des Kaufwertes an <a href=\"mailto:info@brengertransport.de\">info@brengertransport.de<\/a> zu senden.<\/p>\n<\/div><\/section>\n","protected":false},"excerpt":{"rendered":"","protected":false},"author":2,"featured_media":0,"parent":0,"menu_order":0,"comment_status":"closed","ping_status":"closed","template":"","meta":{"_improvement_type_select":"improve_an_existing","_thumb_yes_seoaic":false,"_frame_yes_seoaic":false,"seoaic_generate_description":"","seoaic_improve_instructions_prompt":"","seoaic_rollback_content_improvement":"","seoaic_idea_thumbnail_generator":"","thumbnail_generated":false,"thumbnail_generate_prompt":"","seoaic_article_description":"","inline_featured_image":false,"footnotes":""},"class_list":["post-389","page","type-page","status-publish","hentry"],"yoast_head":"<!-- This site is optimized with the Yoast SEO Premium plugin v27.6 (Yoast SEO v27.6) - https:\/\/yoast.com\/product\/yoast-seo-premium-wordpress\/ -->\n<title>Zuverl\u00e4ssigkeit und Sicherheit<\/title>\n<meta name=\"description\" content=\"Brenger ist eine Plattform f\u00fcr den Transport von M\u00f6beln und anderen haupts\u00e4chlich gro\u00dfen Gegenst\u00e4nden f\u00fcr Einzelpersonen und KMU. Brenger macht den Transport von Gegenst\u00e4nden pers\u00f6nlich und einfach.\" \/>\n<meta name=\"robots\" content=\"index, follow, max-snippet:-1, max-image-preview:large, max-video-preview:-1\" \/>\n<link rel=\"canonical\" href=\"https:\/\/www.brengertransport.de\/de-de\/vertrauen-und-sicherheit\/\" \/>\n<meta property=\"og:locale\" content=\"de_DE\" \/>\n<meta property=\"og:type\" content=\"article\" \/>\n<meta property=\"og:title\" content=\"Zuverl\u00e4ssigkeit und Sicherheit\" \/>\n<meta property=\"og:description\" content=\"Brenger ist eine Plattform f\u00fcr den Transport von M\u00f6beln und anderen haupts\u00e4chlich gro\u00dfen Gegenst\u00e4nden f\u00fcr Einzelpersonen und KMU. Brenger macht den Transport von Gegenst\u00e4nden pers\u00f6nlich und einfach.\" \/>\n<meta property=\"og:url\" content=\"https:\/\/www.brengertransport.de\/de-de\/vertrauen-und-sicherheit\/\" \/>\n<meta property=\"og:site_name\" content=\"Brenger\" \/>\n<meta property=\"article:publisher\" content=\"https:\/\/www.facebook.com\/brenger.nl\" \/>\n<meta property=\"article:modified_time\" content=\"2026-04-02T15:15:13+00:00\" \/>\n<meta name=\"twitter:card\" content=\"summary_large_image\" \/>\n<meta name=\"twitter:label1\" content=\"Est. reading time\" \/>\n\t<meta name=\"twitter:data1\" content=\"2 minutes\" \/>\n<script type=\"application\/ld+json\" class=\"yoast-schema-graph\">{\"@context\":\"https:\\\/\\\/schema.org\",\"@graph\":[{\"@type\":\"WebPage\",\"@id\":\"https:\\\/\\\/www.brengertransport.de\\\/de-de\\\/vertrauen-und-sicherheit\\\/\",\"url\":\"https:\\\/\\\/www.brengertransport.de\\\/de-de\\\/vertrauen-und-sicherheit\\\/\",\"name\":\"Zuverl\u00e4ssigkeit und Sicherheit\",\"isPartOf\":{\"@id\":\"https:\\\/\\\/www.brengertransport.de\\\/de-de\\\/#website\"},\"datePublished\":\"2020-05-01T09:30:54+00:00\",\"dateModified\":\"2026-04-02T15:15:13+00:00\",\"description\":\"Brenger ist eine Plattform f\u00fcr den Transport von M\u00f6beln und anderen haupts\u00e4chlich gro\u00dfen Gegenst\u00e4nden f\u00fcr Einzelpersonen und KMU. Brenger macht den Transport von Gegenst\u00e4nden pers\u00f6nlich und einfach.\",\"breadcrumb\":{\"@id\":\"https:\\\/\\\/www.brengertransport.de\\\/de-de\\\/vertrauen-und-sicherheit\\\/#breadcrumb\"},\"inLanguage\":\"de-DE\",\"potentialAction\":[{\"@type\":\"ReadAction\",\"target\":[\"https:\\\/\\\/www.brengertransport.de\\\/de-de\\\/vertrauen-und-sicherheit\\\/\"]}]},{\"@type\":\"BreadcrumbList\",\"@id\":\"https:\\\/\\\/www.brengertransport.de\\\/de-de\\\/vertrauen-und-sicherheit\\\/#breadcrumb\",\"itemListElement\":[{\"@type\":\"ListItem\",\"position\":1,\"name\":\"Home\",\"item\":\"https:\\\/\\\/www.brengertransport.de\\\/de-de\\\/\"},{\"@type\":\"ListItem\",\"position\":2,\"name\":\"Zuverl\u00e4ssigkeit und Sicherheit\"}]},{\"@type\":\"WebSite\",\"@id\":\"https:\\\/\\\/www.brengertransport.de\\\/de-de\\\/#website\",\"url\":\"https:\\\/\\\/www.brengertransport.de\\\/de-de\\\/\",\"name\":\"Brenger\",\"description\":\"Immer gut geliefert\",\"potentialAction\":[{\"@type\":\"SearchAction\",\"target\":{\"@type\":\"EntryPoint\",\"urlTemplate\":\"https:\\\/\\\/www.brengertransport.de\\\/de-de\\\/?s={search_term_string}\"},\"query-input\":{\"@type\":\"PropertyValueSpecification\",\"valueRequired\":true,\"valueName\":\"search_term_string\"}}],\"inLanguage\":\"de-DE\"}]}<\/script>\n<!-- \/ Yoast SEO Premium plugin. -->","yoast_head_json":{"title":"Zuverl\u00e4ssigkeit und Sicherheit","description":"Brenger ist eine Plattform f\u00fcr den Transport von M\u00f6beln und anderen haupts\u00e4chlich gro\u00dfen Gegenst\u00e4nden f\u00fcr Einzelpersonen und KMU. Brenger macht den Transport von Gegenst\u00e4nden pers\u00f6nlich und einfach.","robots":{"index":"index","follow":"follow","max-snippet":"max-snippet:-1","max-image-preview":"max-image-preview:large","max-video-preview":"max-video-preview:-1"},"canonical":"https:\/\/www.brengertransport.de\/de-de\/vertrauen-und-sicherheit\/","og_locale":"de_DE","og_type":"article","og_title":"Zuverl\u00e4ssigkeit und Sicherheit","og_description":"Brenger ist eine Plattform f\u00fcr den Transport von M\u00f6beln und anderen haupts\u00e4chlich gro\u00dfen Gegenst\u00e4nden f\u00fcr Einzelpersonen und KMU. Brenger macht den Transport von Gegenst\u00e4nden pers\u00f6nlich und einfach.","og_url":"https:\/\/www.brengertransport.de\/de-de\/vertrauen-und-sicherheit\/","og_site_name":"Brenger","article_publisher":"https:\/\/www.facebook.com\/brenger.nl","article_modified_time":"2026-04-02T15:15:13+00:00","twitter_card":"summary_large_image","twitter_misc":{"Est. reading time":"2 minutes"},"schema":{"@context":"https:\/\/schema.org","@graph":[{"@type":"WebPage","@id":"https:\/\/www.brengertransport.de\/de-de\/vertrauen-und-sicherheit\/","url":"https:\/\/www.brengertransport.de\/de-de\/vertrauen-und-sicherheit\/","name":"Zuverl\u00e4ssigkeit und Sicherheit","isPartOf":{"@id":"https:\/\/www.brengertransport.de\/de-de\/#website"},"datePublished":"2020-05-01T09:30:54+00:00","dateModified":"2026-04-02T15:15:13+00:00","description":"Brenger ist eine Plattform f\u00fcr den Transport von M\u00f6beln und anderen haupts\u00e4chlich gro\u00dfen Gegenst\u00e4nden f\u00fcr Einzelpersonen und KMU. Brenger macht den Transport von Gegenst\u00e4nden pers\u00f6nlich und einfach.","breadcrumb":{"@id":"https:\/\/www.brengertransport.de\/de-de\/vertrauen-und-sicherheit\/#breadcrumb"},"inLanguage":"de-DE","potentialAction":[{"@type":"ReadAction","target":["https:\/\/www.brengertransport.de\/de-de\/vertrauen-und-sicherheit\/"]}]},{"@type":"BreadcrumbList","@id":"https:\/\/www.brengertransport.de\/de-de\/vertrauen-und-sicherheit\/#breadcrumb","itemListElement":[{"@type":"ListItem","position":1,"name":"Home","item":"https:\/\/www.brengertransport.de\/de-de\/"},{"@type":"ListItem","position":2,"name":"Zuverl\u00e4ssigkeit und Sicherheit"}]},{"@type":"WebSite","@id":"https:\/\/www.brengertransport.de\/de-de\/#website","url":"https:\/\/www.brengertransport.de\/de-de\/","name":"Brenger","description":"Immer gut geliefert","potentialAction":[{"@type":"SearchAction","target":{"@type":"EntryPoint","urlTemplate":"https:\/\/www.brengertransport.de\/de-de\/?s={search_term_string}"},"query-input":{"@type":"PropertyValueSpecification","valueRequired":true,"valueName":"search_term_string"}}],"inLanguage":"de-DE"}]}},"_links":{"self":[{"href":"https:\/\/www.brengertransport.de\/de-de\/wp-json\/wp\/v2\/pages\/389","targetHints":{"allow":["GET"]}}],"collection":[{"href":"https:\/\/www.brengertransport.de\/de-de\/wp-json\/wp\/v2\/pages"}],"about":[{"href":"https:\/\/www.brengertransport.de\/de-de\/wp-json\/wp\/v2\/types\/page"}],"author":[{"embeddable":true,"href":"https:\/\/www.brengertransport.de\/de-de\/wp-json\/wp\/v2\/users\/2"}],"replies":[{"embeddable":true,"href":"https:\/\/www.brengertransport.de\/de-de\/wp-json\/wp\/v2\/comments?post=389"}],"version-history":[{"count":0,"href":"https:\/\/www.brengertransport.de\/de-de\/wp-json\/wp\/v2\/pages\/389\/revisions"}],"wp:attachment":[{"href":"https:\/\/www.brengertransport.de\/de-de\/wp-json\/wp\/v2\/media?parent=389"}],"curies":[{"name":"wp","href":"https:\/\/api.w.org\/{rel}","templated":true}]}}