{"id":391,"date":"2020-04-30T14:28:12","date_gmt":"2020-04-30T14:28:12","guid":{"rendered":"https:\/\/next.brenger.nl\/de-de\/cookies\/"},"modified":"2024-04-29T12:40:12","modified_gmt":"2024-04-29T10:40:12","slug":"cookies","status":"publish","type":"page","link":"https:\/\/www.brengertransport.de\/de-de\/cookies\/","title":{"rendered":"Cookie-Bedingungen"},"content":{"rendered":"\n<section class=\"theme--white section-space--y--none\"><div class=\"container markdown\">\n<div class=\"w-full section-space--t\"><\/div>\n\n\n<h1 class=\"wp-block-post-title\">Cookie-Bedingungen<\/h1><\/div><\/section>\n\n\n\n<section class=\"theme--white section-space--y--50\"><div class=\"container markdown\">\n<p><strong>Was sind sogenannte Cookies?<\/strong><br> Ein Cookie ist eine kleine (Text-)Datei, die von Ihrem Browser auf Ihrem Computer gespeichert wird, sobald Sie unsere Website besuchen. Diese Informationen k\u00f6nnen bei Ihrem n\u00e4chsten Besuch an uns zur\u00fcckgeschickt werden. Dies erm\u00f6glicht unserer Website, Sie zu erkennen.<br> <br> <strong>Warum verwenden wir Cookies?<\/strong><br> Cookies sorgen daf\u00fcr, dass die Website schnell ist und dass Sie diese sicher besuchen k\u00f6nnen. Mit Hilfe von Cookies k\u00f6nnen wir auch sehen, wie die Website genutzt wird und wie wir sie verbessern k\u00f6nnen. Dar\u00fcber hinaus k\u00f6nnen Cookies von uns oder von Dritten verwendet werden, um Anzeigen zu schalten, die auf Ihre Interessen abgestimmt sind.<br> <br> <strong>Welche Cookies verwenden wir?<\/strong><br> Funktionale Cookies<br> Diese Cookies sind f\u00fcr das Funktionieren der Website erforderlich. Ohne diese Cookies k\u00f6nnen Sie weder elektronisch bezahlen, noch k\u00f6nnen Sie sich einloggen, au\u00dferdem werden einige Einstellungen (wie z.B. Ihre Spracheinstellungen) nicht gespeichert.<br> <br> <strong>Google Analytics<\/strong><br> Um die Qualit\u00e4t und Effektivit\u00e4t unserer Website zu testen, verwenden wir Google Analytics. Dies erm\u00f6glicht es uns, zu sehen, wie die Website genutzt wird und wie wir sie verbessern k\u00f6nnen. Wir haben eine Prozessorvereinbarung mit Google abgeschlossen. Das bedeutet, dass Google die von diesen Cookies gesammelten Daten nicht f\u00fcr eigene Zwecke verwendet.<br> <br> <strong>Tracking-Cookies<\/strong><br> Wir bitten um Ihre Erlaubnis, Tracking-Cookies zu verwenden. Auf Basis der von Ihnen besuchten Seiten zeigen wir Ihnen Anzeigen, von denen wir glauben, dass sie f\u00fcr Sie von Interesse sein k\u00f6nnten. Zudem k\u00f6nnen Inserenten mit Ihrem Einverst\u00e4ndnis Tracking-Cookies verwenden, um Anzeigen darzustellen, die f\u00fcr Sie relevant sind. Die folgenden (Werbe-)Unternehmen k\u00f6nnen Tracking-Cookies einsetzen: Google, Facebook, Marktplaats, Pinterest, Clarity, Hotjar, Billy Grace, Albacross.<br> <br> <strong>Soziale Medien<\/strong><br> Auf unserer Website gibt es Schaltfl\u00e4chen von Facebook und LinkedIn. Diese Schaltfl\u00e4chen k\u00f6nnen z.B. zur Freigabe von Seiten in sozialen Medien verwendet werden. Soziale Medien sammeln Informationen \u00fcber den Code dieser Tasten, noch bevor Sie die Taste dr\u00fccken. Darauf haben wir keinen Einfluss. Mit diesen Cookies erm\u00f6glichen es die sozialen Medien den Inserenten, Sie zu finden. Lesen Sie regelm\u00e4\u00dfig die Datenschutzerkl\u00e4rung von Facebook und LinkedIn, um zu erfahren was mit Ihren durch die Cookies gesammelten Daten passiert.<br> <br> <strong>Wie kann ich meine Daten einsehen, \u00e4ndern oder l\u00f6schen?<\/strong><br> Sie k\u00f6nnen Ihre pers\u00f6nlichen Daten einsehen, \u00e4ndern oder l\u00f6schen. Bitte senden Sie hierzu eine E-Mail an: <a href=\"mailto:info@brengertransport.de\">info@brengertransport.de<\/a>.<\/p>\n\n\n\n<p><strong>Wie kann ich Cookies deaktivieren oder l\u00f6schen?<\/strong> <br>\nSie k\u00f6nnen sich daf\u00fcr entscheiden, die Verwendung von Cookies nicht zu akzeptieren. Sie k\u00f6nnen Ihren Internet-Browser auch so einstellen, dass Cookies blockiert werden. Die Einstellung ist je nach Browser unterschiedlich, die meisten Browser erkl\u00e4ren dies in der Hilfe-Funktion. Wenn Sie Cookies blockieren, funktioniert unsere Website m\u00f6glicherweise nicht so gut, wie sie sollte. Tracking-Cookies, die von Dritten \u00fcber unsere Website platziert wurden, k\u00f6nnen \u00fcber die Website &#8216;Your Online Choices&#8217; gel\u00f6scht werden.<\/p>\n<\/div><\/section>\n","protected":false},"excerpt":{"rendered":"","protected":false},"author":2,"featured_media":0,"parent":0,"menu_order":0,"comment_status":"closed","ping_status":"closed","template":"","meta":{"_improvement_type_select":"improve_an_existing","_thumb_yes_seoaic":false,"_frame_yes_seoaic":false,"seoaic_generate_description":"","seoaic_improve_instructions_prompt":"","seoaic_rollback_content_improvement":"","seoaic_idea_thumbnail_generator":"","thumbnail_generated":false,"thumbnail_generate_prompt":"","seoaic_article_description":"","inline_featured_image":false,"footnotes":""},"class_list":["post-391","page","type-page","status-publish","hentry"],"yoast_head":"<!-- This site is optimized with the Yoast SEO Premium plugin v27.6 (Yoast SEO v27.6) - https:\/\/yoast.com\/product\/yoast-seo-premium-wordpress\/ -->\n<title>Cookie-Bedingungen<\/title>\n<meta name=\"description\" content=\"Ein Cookie ist eine kleine (Text-)Datei, die von Ihrem Browser auf Ihrem Computer gespeichert wird, sobald Sie unsere Website besuchen. Diese Informationen k\u00f6nnen bei Ihrem n\u00e4chsten Besuch an uns zur\u00fcckgeschickt werden. Dies erm\u00f6glicht unserer Website, Sie zu erkennen.\" \/>\n<meta name=\"robots\" content=\"index, follow, max-snippet:-1, max-image-preview:large, max-video-preview:-1\" \/>\n<link rel=\"canonical\" href=\"https:\/\/www.brengertransport.de\/de-de\/cookies\/\" \/>\n<meta property=\"og:locale\" content=\"de_DE\" \/>\n<meta property=\"og:type\" content=\"article\" \/>\n<meta property=\"og:title\" content=\"Cookie-Bedingungen\" \/>\n<meta property=\"og:description\" content=\"Ein Cookie ist eine kleine (Text-)Datei, die von Ihrem Browser auf Ihrem Computer gespeichert wird, sobald Sie unsere Website besuchen. Diese Informationen k\u00f6nnen bei Ihrem n\u00e4chsten Besuch an uns zur\u00fcckgeschickt werden. Dies erm\u00f6glicht unserer Website, Sie zu erkennen.\" \/>\n<meta property=\"og:url\" content=\"https:\/\/www.brengertransport.de\/de-de\/cookies\/\" \/>\n<meta property=\"og:site_name\" content=\"Brenger\" \/>\n<meta property=\"article:publisher\" content=\"https:\/\/www.facebook.com\/brenger.nl\" \/>\n<meta property=\"article:modified_time\" content=\"2024-04-29T10:40:12+00:00\" \/>\n<meta name=\"twitter:card\" content=\"summary_large_image\" \/>\n<meta name=\"twitter:label1\" content=\"Est. reading time\" \/>\n\t<meta name=\"twitter:data1\" content=\"2 minutes\" \/>\n<script type=\"application\/ld+json\" class=\"yoast-schema-graph\">{\"@context\":\"https:\\\/\\\/schema.org\",\"@graph\":[{\"@type\":\"WebPage\",\"@id\":\"https:\\\/\\\/www.brengertransport.de\\\/de-de\\\/cookies\\\/\",\"url\":\"https:\\\/\\\/www.brengertransport.de\\\/de-de\\\/cookies\\\/\",\"name\":\"Cookie-Bedingungen\",\"isPartOf\":{\"@id\":\"https:\\\/\\\/www.brengertransport.de\\\/de-de\\\/#website\"},\"datePublished\":\"2020-04-30T14:28:12+00:00\",\"dateModified\":\"2024-04-29T10:40:12+00:00\",\"description\":\"Ein Cookie ist eine kleine (Text-)Datei, die von Ihrem Browser auf Ihrem Computer gespeichert wird, sobald Sie unsere Website besuchen. Diese Informationen k\u00f6nnen bei Ihrem n\u00e4chsten Besuch an uns zur\u00fcckgeschickt werden. Dies erm\u00f6glicht unserer Website, Sie zu erkennen.\",\"breadcrumb\":{\"@id\":\"https:\\\/\\\/www.brengertransport.de\\\/de-de\\\/cookies\\\/#breadcrumb\"},\"inLanguage\":\"de-DE\",\"potentialAction\":[{\"@type\":\"ReadAction\",\"target\":[\"https:\\\/\\\/www.brengertransport.de\\\/de-de\\\/cookies\\\/\"]}]},{\"@type\":\"BreadcrumbList\",\"@id\":\"https:\\\/\\\/www.brengertransport.de\\\/de-de\\\/cookies\\\/#breadcrumb\",\"itemListElement\":[{\"@type\":\"ListItem\",\"position\":1,\"name\":\"Home\",\"item\":\"https:\\\/\\\/www.brengertransport.de\\\/de-de\\\/\"},{\"@type\":\"ListItem\",\"position\":2,\"name\":\"Cookie-Bedingungen\"}]},{\"@type\":\"WebSite\",\"@id\":\"https:\\\/\\\/www.brengertransport.de\\\/de-de\\\/#website\",\"url\":\"https:\\\/\\\/www.brengertransport.de\\\/de-de\\\/\",\"name\":\"Brenger\",\"description\":\"Immer gut geliefert\",\"potentialAction\":[{\"@type\":\"SearchAction\",\"target\":{\"@type\":\"EntryPoint\",\"urlTemplate\":\"https:\\\/\\\/www.brengertransport.de\\\/de-de\\\/?s={search_term_string}\"},\"query-input\":{\"@type\":\"PropertyValueSpecification\",\"valueRequired\":true,\"valueName\":\"search_term_string\"}}],\"inLanguage\":\"de-DE\"}]}<\/script>\n<!-- \/ Yoast SEO Premium plugin. -->","yoast_head_json":{"title":"Cookie-Bedingungen","description":"Ein Cookie ist eine kleine (Text-)Datei, die von Ihrem Browser auf Ihrem Computer gespeichert wird, sobald Sie unsere Website besuchen. Diese Informationen k\u00f6nnen bei Ihrem n\u00e4chsten Besuch an uns zur\u00fcckgeschickt werden. Dies erm\u00f6glicht unserer Website, Sie zu erkennen.","robots":{"index":"index","follow":"follow","max-snippet":"max-snippet:-1","max-image-preview":"max-image-preview:large","max-video-preview":"max-video-preview:-1"},"canonical":"https:\/\/www.brengertransport.de\/de-de\/cookies\/","og_locale":"de_DE","og_type":"article","og_title":"Cookie-Bedingungen","og_description":"Ein Cookie ist eine kleine (Text-)Datei, die von Ihrem Browser auf Ihrem Computer gespeichert wird, sobald Sie unsere Website besuchen. Diese Informationen k\u00f6nnen bei Ihrem n\u00e4chsten Besuch an uns zur\u00fcckgeschickt werden. Dies erm\u00f6glicht unserer Website, Sie zu erkennen.","og_url":"https:\/\/www.brengertransport.de\/de-de\/cookies\/","og_site_name":"Brenger","article_publisher":"https:\/\/www.facebook.com\/brenger.nl","article_modified_time":"2024-04-29T10:40:12+00:00","twitter_card":"summary_large_image","twitter_misc":{"Est. reading time":"2 minutes"},"schema":{"@context":"https:\/\/schema.org","@graph":[{"@type":"WebPage","@id":"https:\/\/www.brengertransport.de\/de-de\/cookies\/","url":"https:\/\/www.brengertransport.de\/de-de\/cookies\/","name":"Cookie-Bedingungen","isPartOf":{"@id":"https:\/\/www.brengertransport.de\/de-de\/#website"},"datePublished":"2020-04-30T14:28:12+00:00","dateModified":"2024-04-29T10:40:12+00:00","description":"Ein Cookie ist eine kleine (Text-)Datei, die von Ihrem Browser auf Ihrem Computer gespeichert wird, sobald Sie unsere Website besuchen. Diese Informationen k\u00f6nnen bei Ihrem n\u00e4chsten Besuch an uns zur\u00fcckgeschickt werden. Dies erm\u00f6glicht unserer Website, Sie zu erkennen.","breadcrumb":{"@id":"https:\/\/www.brengertransport.de\/de-de\/cookies\/#breadcrumb"},"inLanguage":"de-DE","potentialAction":[{"@type":"ReadAction","target":["https:\/\/www.brengertransport.de\/de-de\/cookies\/"]}]},{"@type":"BreadcrumbList","@id":"https:\/\/www.brengertransport.de\/de-de\/cookies\/#breadcrumb","itemListElement":[{"@type":"ListItem","position":1,"name":"Home","item":"https:\/\/www.brengertransport.de\/de-de\/"},{"@type":"ListItem","position":2,"name":"Cookie-Bedingungen"}]},{"@type":"WebSite","@id":"https:\/\/www.brengertransport.de\/de-de\/#website","url":"https:\/\/www.brengertransport.de\/de-de\/","name":"Brenger","description":"Immer gut geliefert","potentialAction":[{"@type":"SearchAction","target":{"@type":"EntryPoint","urlTemplate":"https:\/\/www.brengertransport.de\/de-de\/?s={search_term_string}"},"query-input":{"@type":"PropertyValueSpecification","valueRequired":true,"valueName":"search_term_string"}}],"inLanguage":"de-DE"}]}},"_links":{"self":[{"href":"https:\/\/www.brengertransport.de\/de-de\/wp-json\/wp\/v2\/pages\/391","targetHints":{"allow":["GET"]}}],"collection":[{"href":"https:\/\/www.brengertransport.de\/de-de\/wp-json\/wp\/v2\/pages"}],"about":[{"href":"https:\/\/www.brengertransport.de\/de-de\/wp-json\/wp\/v2\/types\/page"}],"author":[{"embeddable":true,"href":"https:\/\/www.brengertransport.de\/de-de\/wp-json\/wp\/v2\/users\/2"}],"replies":[{"embeddable":true,"href":"https:\/\/www.brengertransport.de\/de-de\/wp-json\/wp\/v2\/comments?post=391"}],"version-history":[{"count":0,"href":"https:\/\/www.brengertransport.de\/de-de\/wp-json\/wp\/v2\/pages\/391\/revisions"}],"wp:attachment":[{"href":"https:\/\/www.brengertransport.de\/de-de\/wp-json\/wp\/v2\/media?parent=391"}],"curies":[{"name":"wp","href":"https:\/\/api.w.org\/{rel}","templated":true}]}}